{"id":10,"date":"2018-01-28T19:22:58","date_gmt":"2018-01-28T18:22:58","guid":{"rendered":"http:\/\/muriel-horrein.fr\/?page_id=10"},"modified":"2018-05-21T19:25:32","modified_gmt":"2018-05-21T17:25:32","slug":"accueil","status":"publish","type":"page","link":"https:\/\/muriel-horrein.fr\/","title":{"rendered":"Formations"},"content":{"rendered":"<div>\n<p><img loading=\"lazy\" decoding=\"async\" class=\"alignnone wp-image-21 size-full\" src=\"http:\/\/muriel-horrein.fr\/wp-content\/uploads\/2018\/01\/entete-accueil.jpg\" alt=\"\" width=\"870\" height=\"556\" srcset=\"https:\/\/muriel-horrein.fr\/wp-content\/uploads\/2018\/01\/entete-accueil.jpg 870w, https:\/\/muriel-horrein.fr\/wp-content\/uploads\/2018\/01\/entete-accueil-300x192.jpg 300w, https:\/\/muriel-horrein.fr\/wp-content\/uploads\/2018\/01\/entete-accueil-768x491.jpg 768w\" sizes=\"(max-width: 870px) 100vw, 870px\" \/><\/p>\n<h2><span style=\"color: #5d8fa6;\"><img loading=\"lazy\" decoding=\"async\" class=\"wp-image-109 alignleft\" src=\"http:\/\/muriel-horrein.fr\/wp-content\/uploads\/2018\/05\/bulle-chuchoteur.jpg\" alt=\"\" width=\"185\" height=\"178\" srcset=\"https:\/\/muriel-horrein.fr\/wp-content\/uploads\/2018\/05\/bulle-chuchoteur.jpg 151w, https:\/\/muriel-horrein.fr\/wp-content\/uploads\/2018\/05\/bulle-chuchoteur-150x145.jpg 150w\" sizes=\"(max-width: 185px) 100vw, 185px\" \/><\/span><\/h2>\n<p>&nbsp;<\/p>\n<h2><span style=\"color: #5d8fa6;\">Equi-Management<\/span><\/h2>\n<h4><span style=\"color: #5d8fa6;\">Augmentez vos performances avec la complicit\u00e9 du cheval<\/span><\/h4>\n<\/div>\n<h4><\/h4>\n<div style=\"clear: both;\"><\/div>\n<div>\n<h4><span style=\"color: #a9d6eb;\"><img loading=\"lazy\" decoding=\"async\" class=\"size-medium wp-image-150 alignright\" src=\"http:\/\/muriel-horrein.fr\/wp-content\/uploads\/2018\/05\/visuels-formation-300x166.png\" alt=\"\" width=\"300\" height=\"166\" srcset=\"https:\/\/muriel-horrein.fr\/wp-content\/uploads\/2018\/05\/visuels-formation-300x166.png 300w, https:\/\/muriel-horrein.fr\/wp-content\/uploads\/2018\/05\/visuels-formation.png 317w\" sizes=\"(max-width: 300px) 100vw, 300px\" \/><\/span><\/h4>\n<h4><\/h4>\n<h4><span style=\"color: #77afc9;\">Des s\u00e9minaires \u00e0 destination des dirigeants,<br \/>\ncadres managers et toutes personnes ayant\u00a0\u00e0 exercer des fonctions d\u2019encadrements<\/span><\/h4>\n<\/div>\n<h4><strong><span style=\"color: #003366;\"><br \/>\n<img loading=\"lazy\" decoding=\"async\" class=\"size-full wp-image-151 alignnone\" src=\"http:\/\/muriel-horrein.fr\/wp-content\/uploads\/2018\/05\/targeticon.png\" alt=\"\" width=\"40\" height=\"30\" \/>\u00a0Des objectifs clairs&#8230;<\/span><\/strong><\/h4>\n<ul>\n<li><span style=\"color: #003366;\"><strong>Communiquer efficacement avec son \u00e9quipe permet d\u2019optimiser les performances pour atteindre les objectifs<\/strong><\/span><\/li>\n<li><span style=\"color: #003366;\"><strong>Favoriser l\u2019adh\u00e9sion et mobiliser son \u00e9quipe autour d\u2019un projet commun<br \/>\n<\/strong><\/span>L\u2019organisation d\u2019un groupe de chevaux a beaucoup de similitudes avec celle de l\u2019entreprise. La survie du groupe est assur\u00e9e par l\u2019association des comp\u00e9tences individuelles. Ainsi en cr\u00e9ant les conditions d\u2019une coop\u00e9ration efficace vous susciterez l\u2019adh\u00e9sion \u00e0 vos projets.<br \/>\nLe concept de l\u2019\u00c9qui-Management vous am\u00e8nera \u00e0 communiquer vos objectifs de fa\u00e7on motivante \u00e0 d\u00e9l\u00e9guer en confiance afin de d\u00e9velopper les comp\u00e9tences et l\u2019autonomie de vos collaborateurs.<\/li>\n<li><span style=\"color: #003366;\"><strong><span style=\"font-size: 1rem;\">D\u00e9velopper ses qualit\u00e9s de leader et son charisme afin de valoriser les potentiels de l\u2019\u00e9quipe vers l\u2019excellence<\/span><\/strong><\/span><\/li>\n<li><span style=\"color: #003366;\"><span style=\"color: #003366;\"><strong><span style=\"font-size: 1rem;\">Mesurer l\u2019impact que l\u2019on g\u00e9n\u00e8re<\/span><\/strong><\/span><\/span><\/li>\n<li><span style=\"color: #003366;\"><strong> Agir en temps r\u00e9el, exp\u00e9rience concr\u00e8te qui facilite et acc\u00e9l\u00e8re le changement<\/strong><\/span><br \/>\n<span style=\"color: #003366;\"><strong> Mettre en \u0153uvre des conditions favorables \u00e0 une collaboration durable<\/strong><\/span><\/li>\n<\/ul>\n<div><img loading=\"lazy\" decoding=\"async\" class=\"size-full wp-image-111 aligncenter\" src=\"http:\/\/muriel-horrein.fr\/wp-content\/uploads\/2018\/05\/ACCUEIL.png\" alt=\"\" width=\"131\" height=\"125\" \/><\/p>\n<div style=\"background-color: #f3f8fa; padding-right: 10px; margin-top: -90px;\">\n<h4 style=\"text-align: left;\"><span style=\"color: #003366;\"><br \/>\nUne approche \u00e0 forte valeur ajout\u00e9e<\/span><\/h4>\n<p><img loading=\"lazy\" decoding=\"async\" class=\"size-full wp-image-148 alignleft\" src=\"http:\/\/muriel-horrein.fr\/wp-content\/uploads\/2018\/05\/visuels-valeur-ajoutee.png\" alt=\"\" width=\"124\" height=\"263\" \/><br \/>\nLe dirigeant assimile facilement une strat\u00e9gie gagnante et qu\u2019est-ce qu\u2019une strat\u00e9gie gagnante ? C\u2019est atteindre les r\u00e9sultats exig\u00e9s plus vite plus efficacement avec moins d\u2019efforts.<br \/>\n<strong>De la qualit\u00e9 des liens relationnels d\u00e9pend l\u2019efficacit\u00e9 op\u00e9rationnelle.<\/strong><br \/>\nLe cheval mettra en \u00e9vidence votre qualit\u00e9 relationnelle afin d\u2019obtenir une relation gagnant \u2013 gagnant.<br \/>\n<strong>La relation au cheval<\/strong> comme <strong>\u00ab outil p\u00e9dagogique \u00bb<\/strong> de <strong>la relation entre les hommes<\/strong> permet de compl\u00e9ter votre <strong>savoir faire<\/strong>, votre <strong>expertise technique<\/strong> par un<strong> savoir \u00eatre<\/strong> pour d\u00e9velopper vos talents de managers et de leaders.<\/p>\n<p style=\"text-align: center;\"><span style=\"color: #77afc9;\"><br \/>\nMuriel Horrein Consulting est \u00e0 votre disposition<br \/>\npour d\u00e9finir avec vous la prestation la mieux adapt\u00e9e aux objectifs de votre entreprise.<\/span><\/p>\n<p style=\"text-align: center;\"><a href=\"http:\/\/muriel-horrein.fr\/index.php\/contact\/\"><span style=\"color: #77afc9;\"><strong>NOUS\u00a0CONTACTER<\/strong><\/span><\/a><\/p>\n<p>&nbsp;<\/p>\n<\/div>\n<\/div>\n<h4><span style=\"color: #003366;\"><br \/>\n<img loading=\"lazy\" decoding=\"async\" class=\"size-full wp-image-152 alignleft\" src=\"http:\/\/muriel-horrein.fr\/wp-content\/uploads\/2018\/05\/dvpt-perseonnel.png\" alt=\"\" width=\"91\" height=\"95\" \/><br \/>\nPour aller plus loin&#8230;<\/span><\/h4>\n<p><span style=\"color: #77afc9;\"><strong>Coaching en d\u00e9veloppement personnel<\/strong><\/span><\/p>\n<p>Rechercher le Bien-Etre \u00e0 travers un Savoir-Etre authentique<br \/>\n\u00c9tablir une cartographie de votre mode relationnel et une mise en valeur de vos potentiels grace au coaching par le cheval<\/p>\n<p><span style=\"color: #77afc9;\">Muriel Horrein vous propose des s\u00e9ances individuelles sur 2 heures, en couple sur 3 heures et des stages collectifs d\u2019une dur\u00e9e 1 \u00e0 2 jours de d\u00e9veloppement personnel avec la complicit\u00e9 du cheval.<\/span><\/p>\n<p>&nbsp;<\/p>\n<blockquote>\n<h4><span style=\"color: #003366;\">T\u00e9moignages<\/span><\/h4>\n<\/blockquote>\n<p>Des managers et des cadres d\u2019entreprises parlent de leur exp\u00e9rience relationnelle avec le cheval dans le cadre d\u2019un s\u00e9minaire \u00c9qui-management dirig\u00e9 par Muriel Horrein.<br \/>\nVoir le reportage diffus\u00e9 sur France T\u00e9l\u00e9vision.<\/p>\n<div style=\"width: 640px;\" class=\"wp-video\"><!--[if lt IE 9]><script>document.createElement('video');<\/script><![endif]-->\n<video class=\"wp-video-shortcode\" id=\"video-10-1\" width=\"640\" height=\"480\" preload=\"metadata\" controls=\"controls\"><source type=\"video\/mp4\" src=\"http:\/\/muriel-horrein.fr\/wp-content\/uploads\/2018\/01\/Reportage-Horse_s-Coaching-France-Television.mp4?_=1\" \/><a href=\"http:\/\/muriel-horrein.fr\/wp-content\/uploads\/2018\/01\/Reportage-Horse_s-Coaching-France-Television.mp4\">http:\/\/muriel-horrein.fr\/wp-content\/uploads\/2018\/01\/Reportage-Horse_s-Coaching-France-Television.mp4<\/a><\/video><\/div>\n<p>&nbsp;<\/p>\n<blockquote>\n<h5 style=\"text-align: left;\"><span style=\"color: #77afc9;\"><em>Le Horse &amp; Coaching est un tout nouvel outil manag\u00e9rial destin\u00e9 \u00e0 prendre conscience de notre comportement au quotidien aussi bien d\u2019un point de vue professionnel que priv\u00e9. Cet outil utilise donc le cheval qui, \u00e0 travers les s\u00e9ances de travail, m\u2019a renvoy\u00e9 tel un miroir, toutes mes qualit\u00e9s et tous mes d\u00e9fauts mais de mani\u00e8re totalement d\u00e9multipli\u00e9e. J\u2019ai ainsi pris conscience de l\u2019impact que je pouvais avoir avec le moindre de mes faits et gestes.<\/em><\/span><\/h5>\n<\/blockquote>\n<p style=\"text-align: right;\"><em><span style=\"color: #77afc9;\">Christophe, directeur centre E. Leclerc<\/span><\/em><\/p>\n<p>&nbsp;<\/p>\n<blockquote>\n<h5 style=\"text-align: left;\"><span style=\"color: #77afc9;\"><em>Ce travail avec le cheval, comme miroir de nos comportements, de notre rapport \u00e0 l\u2019autre, nous l\u2019avons entam\u00e9 avec mes \u00e9quipes commerciales et manag\u00e9riales, il y un peu plus d\u2019un an avec Muriel Horrein. Ce travail a permis rapidement de prendre conscience qu\u2019une intention claire et consciente \u00e9tait primordiale dans la communication, dans une juste relation \u00e0 l\u2019autre, toute intention confuse entrainait n\u00e9cessairement une action confuse. Un autre point qui me semble indispensable \u00e0 un bon management est : \u00ab quelle est ma place \u00bb et \u00ab quelle place je donne \u00e0 l\u2019autre \u00bb dans le cadre d\u2019une recherche d\u2019autonomie. Sur ce point, le cheval nous a permis d\u2019exp\u00e9rimenter les cons\u00e9quences de toute une palette de comportements, du dirigisme au laisser faire, pour trouver la juste attitude permettant l\u2019autonomie du cheval.\u00a0Intention, positionnement, autonomie, trois clefs qui pour moi sont les bases permettant un vrai travail collaboratif.<br \/>\nEt cerise sur le g\u00e2teau, ce travail a permis de resserrer les liens entre collaborateurs, et pour certains de d\u00e9passer ses peurs dans la bonne humeur.<\/em><\/span><\/h5>\n<\/blockquote>\n<p style=\"font-weight: 400; text-align: right;\"><em style=\"color: #77afc9; font-size: 1rem; text-align: right;\">I. VOLEVATCH SA<\/em><\/p>\n<p>&nbsp;<\/p>\n<p>&nbsp;<\/p>\n<p>&nbsp;<\/p>\n<p style=\"text-align: center;\">\n","protected":false},"excerpt":{"rendered":"<p>&nbsp; Equi-Management Augmentez vos performances avec la complicit\u00e9 du cheval Des s\u00e9minaires \u00e0 destination des dirigeants, cadres managers et toutes personnes ayant\u00a0\u00e0 exercer des fonctions d\u2019encadrements \u00a0Des objectifs clairs&#8230; Communiquer efficacement avec son \u00e9quipe permet d\u2019optimiser les performances pour atteindre les objectifs Favoriser l\u2019adh\u00e9sion et mobiliser son \u00e9quipe autour d\u2019un projet commun L\u2019organisation d\u2019un groupe&hellip;<\/p>\n<p><a class=\"more-link\" href=\"https:\/\/muriel-horrein.fr\/\" title=\"Continue reading &lsquo;Formations&rsquo;\">Continue reading <span class=\"meta-nav\">&rarr;<\/span><\/a><\/p>\n","protected":false},"author":1,"featured_media":0,"parent":0,"menu_order":0,"comment_status":"closed","ping_status":"closed","template":"","meta":{"footnotes":""},"_links":{"self":[{"href":"https:\/\/muriel-horrein.fr\/index.php\/wp-json\/wp\/v2\/pages\/10"}],"collection":[{"href":"https:\/\/muriel-horrein.fr\/index.php\/wp-json\/wp\/v2\/pages"}],"about":[{"href":"https:\/\/muriel-horrein.fr\/index.php\/wp-json\/wp\/v2\/types\/page"}],"author":[{"embeddable":true,"href":"https:\/\/muriel-horrein.fr\/index.php\/wp-json\/wp\/v2\/users\/1"}],"replies":[{"embeddable":true,"href":"https:\/\/muriel-horrein.fr\/index.php\/wp-json\/wp\/v2\/comments?post=10"}],"version-history":[{"count":42,"href":"https:\/\/muriel-horrein.fr\/index.php\/wp-json\/wp\/v2\/pages\/10\/revisions"}],"predecessor-version":[{"id":183,"href":"https:\/\/muriel-horrein.fr\/index.php\/wp-json\/wp\/v2\/pages\/10\/revisions\/183"}],"wp:attachment":[{"href":"https:\/\/muriel-horrein.fr\/index.php\/wp-json\/wp\/v2\/media?parent=10"}],"curies":[{"name":"wp","href":"https:\/\/api.w.org\/{rel}","templated":true}]}}